{"id":10141,"date":"2024-02-16T14:09:46","date_gmt":"2024-02-16T14:09:46","guid":{"rendered":"https:\/\/st-wp.forumpay.com\/contactenos"},"modified":"2024-05-10T20:20:22","modified_gmt":"2024-05-10T20:20:22","slug":"contactenos","status":"publish","type":"page","link":"https:\/\/st-wp.forumpay.com\/es\/contactenos\/","title":{"rendered":"Elementor Cont\u00e1ctenos"},"content":{"rendered":"\t\t<div data-elementor-type=\"wp-page\" data-elementor-id=\"10141\" class=\"elementor elementor-10141 elementor-19840\" data-elementor-post-type=\"page\">\n\t\t\t\t\t\t<section class=\"has_eae_slider elementor-section elementor-top-section elementor-element elementor-element-45a7d336 elementor-section-height-min-height elementor-section-items-top elementor-section-boxed elementor-section-height-default\" data-eae-slider=\"51732\" data-id=\"45a7d336\" data-element_type=\"section\" data-settings=\"{&quot;background_background&quot;:&quot;classic&quot;}\">\n\t\t\t\t\t\t<div class=\"elementor-container elementor-column-gap-default\">\n\t\t\t\t\t<div class=\"has_eae_slider elementor-column elementor-col-100 elementor-top-column elementor-element elementor-element-195c25f\" data-eae-slider=\"44190\" data-id=\"195c25f\" data-element_type=\"column\">\n\t\t\t<div class=\"elementor-widget-wrap elementor-element-populated\">\n\t\t\t\t\t\t<div class=\"elementor-element elementor-element-1aeb3f43 elementor-widget elementor-widget-heading\" data-id=\"1aeb3f43\" data-element_type=\"widget\" data-widget_type=\"heading.default\">\n\t\t\t\t<div class=\"elementor-widget-container\">\n\t\t\t\t\t<p class=\"elementor-heading-title elementor-size-default\">CONT\u00c1CTENOS<\/p>\t\t\t\t<\/div>\n\t\t\t\t<\/div>\n\t\t\t\t<div class=\"elementor-element elementor-element-4ee4bd3f contactus-form new-contactus elementor-widget elementor-widget-html\" data-id=\"4ee4bd3f\" data-element_type=\"widget\" data-widget_type=\"html.default\">\n\t\t\t\t<div class=\"elementor-widget-container\">\n\t\t\t\t\t<script charset=\"utf-8\" type=\"text\/javascript\" src=\"\/\/js.hsforms.net\/forms\/embed\/v2.js\"><\/script>\n<script>\n  hbspt.forms.create({\n    region: \"na1\",\n    portalId: \"6655328\",\n    formId: \"8af4a81a-1b49-49c7-a858-8be02b11fb1b\"\n  });\n<\/script>\t\t\t\t<\/div>\n\t\t\t\t<\/div>\n\t\t\t\t\t<\/div>\n\t\t<\/div>\n\t\t\t\t\t<\/div>\n\t\t<\/section>\n\t\t\t\t<\/div>\n\t\t","protected":false},"excerpt":{"rendered":"<p>CONT\u00c1CTENOS<\/p>\n","protected":false},"author":5,"featured_media":0,"parent":0,"menu_order":0,"comment_status":"closed","ping_status":"closed","template":"","meta":{"_acf_changed":false,"content-type":"","inline_featured_image":false,"_uag_custom_page_level_css":"","footnotes":""},"class_list":["post-10141","page","type-page","status-publish","hentry"],"acf":[],"yoast_head":"<!-- This site is optimized with the Yoast SEO plugin v27.4 - https:\/\/yoast.com\/product\/yoast-seo-wordpress\/ -->\n<title>Cont\u00e1ctenos - ForumPay<\/title>\n<meta name=\"description\" content=\"P\u00f3ngase en contacto con nuestro equipo para cualquier pregunta o ayuda que pueda necesitar. Siempre estamos aqu\u00ed para brindarle apoyo y orientaci\u00f3n de expertos.\" \/>\n<meta name=\"robots\" content=\"noindex, follow, max-snippet:-1, max-image-preview:large, max-video-preview:-1\" \/>\n<meta property=\"og:locale\" content=\"es_ES\" \/>\n<meta property=\"og:type\" content=\"article\" \/>\n<meta property=\"og:title\" content=\"Cont\u00e1ctenos - ForumPay\" \/>\n<meta property=\"og:description\" content=\"P\u00f3ngase en contacto con nuestro equipo para cualquier pregunta o ayuda que pueda necesitar. Siempre estamos aqu\u00ed para brindarle apoyo y orientaci\u00f3n de expertos.\" \/>\n<meta property=\"og:url\" content=\"https:\/\/st-wp.forumpay.com\/contact-us\/\" \/>\n<meta property=\"og:site_name\" content=\"ForumPay\" \/>\n<meta property=\"article:publisher\" content=\"https:\/\/www.facebook.com\/profile.php?id=100092005706570\" \/>\n<meta property=\"article:modified_time\" content=\"2024-05-10T20:20:22+00:00\" \/>\n<meta property=\"og:image\" content=\"https:\/\/st-wp.forumpay.com\/wp-content\/uploads\/2021\/11\/favicon-forumpay-1.png\" \/>\n\t<meta property=\"og:image:width\" content=\"512\" \/>\n\t<meta property=\"og:image:height\" content=\"512\" \/>\n\t<meta property=\"og:image:type\" content=\"image\/png\" \/>\n<meta name=\"twitter:card\" content=\"summary_large_image\" \/>\n<meta name=\"twitter:site\" content=\"@ForumPay\" \/>\n<meta name=\"twitter:label1\" content=\"Est. reading time\" \/>\n\t<meta name=\"twitter:data1\" content=\"3 minutes\" \/>\n<script type=\"application\/ld+json\" class=\"yoast-schema-graph\">{\"@context\":\"https:\\\/\\\/schema.org\",\"@graph\":[{\"@type\":\"WebPage\",\"@id\":\"https:\\\/\\\/st-wp.forumpay.com\\\/contact-us\\\/\",\"url\":\"https:\\\/\\\/st-wp.forumpay.com\\\/contact-us\\\/\",\"name\":\"Cont\u00e1ctenos - ForumPay\",\"isPartOf\":{\"@id\":\"https:\\\/\\\/st-wp.forumpay.com\\\/#website\"},\"datePublished\":\"2024-02-16T14:09:46+00:00\",\"dateModified\":\"2024-05-10T20:20:22+00:00\",\"description\":\"P\u00f3ngase en contacto con nuestro equipo para cualquier pregunta o ayuda que pueda necesitar. Siempre estamos aqu\u00ed para brindarle apoyo y orientaci\u00f3n de expertos.\",\"breadcrumb\":{\"@id\":\"https:\\\/\\\/st-wp.forumpay.com\\\/contact-us\\\/#breadcrumb\"},\"inLanguage\":\"es\",\"potentialAction\":[{\"@type\":\"ReadAction\",\"target\":[\"https:\\\/\\\/st-wp.forumpay.com\\\/contact-us\\\/\"]}]},{\"@type\":\"BreadcrumbList\",\"@id\":\"https:\\\/\\\/st-wp.forumpay.com\\\/contact-us\\\/#breadcrumb\",\"itemListElement\":[{\"@type\":\"ListItem\",\"position\":1,\"name\":\"Home\",\"item\":\"https:\\\/\\\/st-wp.forumpay.com\\\/\"},{\"@type\":\"ListItem\",\"position\":2,\"name\":\"Elementor Cont\u00e1ctenos\"}]},{\"@type\":\"WebSite\",\"@id\":\"https:\\\/\\\/st-wp.forumpay.com\\\/#website\",\"url\":\"https:\\\/\\\/st-wp.forumpay.com\\\/\",\"name\":\"ForumPay\",\"description\":\"Accept Any Crypto From Any Wallet. Get Paid In Cash\",\"publisher\":{\"@id\":\"https:\\\/\\\/st-wp.forumpay.com\\\/#organization\"},\"potentialAction\":[{\"@type\":\"SearchAction\",\"target\":{\"@type\":\"EntryPoint\",\"urlTemplate\":\"https:\\\/\\\/st-wp.forumpay.com\\\/?s={search_term_string}\"},\"query-input\":{\"@type\":\"PropertyValueSpecification\",\"valueRequired\":true,\"valueName\":\"search_term_string\"}}],\"inLanguage\":\"es\"},{\"@type\":\"Organization\",\"@id\":\"https:\\\/\\\/st-wp.forumpay.com\\\/#organization\",\"name\":\"ForumPay\",\"url\":\"https:\\\/\\\/st-wp.forumpay.com\\\/\",\"logo\":{\"@type\":\"ImageObject\",\"inLanguage\":\"es\",\"@id\":\"https:\\\/\\\/st-wp.forumpay.com\\\/#\\\/schema\\\/logo\\\/image\\\/\",\"url\":\"https:\\\/\\\/st-wp.forumpay.com\\\/wp-content\\\/uploads\\\/2021\\\/10\\\/Logo-Forumpay-new-v2.svg\",\"contentUrl\":\"https:\\\/\\\/st-wp.forumpay.com\\\/wp-content\\\/uploads\\\/2021\\\/10\\\/Logo-Forumpay-new-v2.svg\",\"width\":663,\"height\":121,\"caption\":\"ForumPay\"},\"image\":{\"@id\":\"https:\\\/\\\/st-wp.forumpay.com\\\/#\\\/schema\\\/logo\\\/image\\\/\"},\"sameAs\":[\"https:\\\/\\\/www.facebook.com\\\/profile.php?id=100092005706570\",\"https:\\\/\\\/x.com\\\/ForumPay\",\"https:\\\/\\\/www.instagram.com\\\/ForumPay_Official\\\/\",\"https:\\\/\\\/www.linkedin.com\\\/company\\\/forum-pay\\\/\",\"https:\\\/\\\/www.youtube.com\\\/channel\\\/UClMMP15cXejdkGrWGVkbebg\"]}]}<\/script>\n<!-- \/ Yoast SEO plugin. -->","yoast_head_json":{"title":"Cont\u00e1ctenos - ForumPay","description":"P\u00f3ngase en contacto con nuestro equipo para cualquier pregunta o ayuda que pueda necesitar. Siempre estamos aqu\u00ed para brindarle apoyo y orientaci\u00f3n de expertos.","robots":{"index":"noindex","follow":"follow","max-snippet":"max-snippet:-1","max-image-preview":"max-image-preview:large","max-video-preview":"max-video-preview:-1"},"og_locale":"es_ES","og_type":"article","og_title":"Cont\u00e1ctenos - ForumPay","og_description":"P\u00f3ngase en contacto con nuestro equipo para cualquier pregunta o ayuda que pueda necesitar. Siempre estamos aqu\u00ed para brindarle apoyo y orientaci\u00f3n de expertos.","og_url":"https:\/\/st-wp.forumpay.com\/contact-us\/","og_site_name":"ForumPay","article_publisher":"https:\/\/www.facebook.com\/profile.php?id=100092005706570","article_modified_time":"2024-05-10T20:20:22+00:00","og_image":[{"width":512,"height":512,"url":"https:\/\/st-wp.forumpay.com\/wp-content\/uploads\/2021\/11\/favicon-forumpay-1.png","type":"image\/png"}],"twitter_card":"summary_large_image","twitter_site":"@ForumPay","twitter_misc":{"Est. reading time":"3 minutes"},"schema":{"@context":"https:\/\/schema.org","@graph":[{"@type":"WebPage","@id":"https:\/\/st-wp.forumpay.com\/contact-us\/","url":"https:\/\/st-wp.forumpay.com\/contact-us\/","name":"Cont\u00e1ctenos - ForumPay","isPartOf":{"@id":"https:\/\/st-wp.forumpay.com\/#website"},"datePublished":"2024-02-16T14:09:46+00:00","dateModified":"2024-05-10T20:20:22+00:00","description":"P\u00f3ngase en contacto con nuestro equipo para cualquier pregunta o ayuda que pueda necesitar. Siempre estamos aqu\u00ed para brindarle apoyo y orientaci\u00f3n de expertos.","breadcrumb":{"@id":"https:\/\/st-wp.forumpay.com\/contact-us\/#breadcrumb"},"inLanguage":"es","potentialAction":[{"@type":"ReadAction","target":["https:\/\/st-wp.forumpay.com\/contact-us\/"]}]},{"@type":"BreadcrumbList","@id":"https:\/\/st-wp.forumpay.com\/contact-us\/#breadcrumb","itemListElement":[{"@type":"ListItem","position":1,"name":"Home","item":"https:\/\/st-wp.forumpay.com\/"},{"@type":"ListItem","position":2,"name":"Elementor Cont\u00e1ctenos"}]},{"@type":"WebSite","@id":"https:\/\/st-wp.forumpay.com\/#website","url":"https:\/\/st-wp.forumpay.com\/","name":"ForumPay","description":"Accept Any Crypto From Any Wallet. Get Paid In Cash","publisher":{"@id":"https:\/\/st-wp.forumpay.com\/#organization"},"potentialAction":[{"@type":"SearchAction","target":{"@type":"EntryPoint","urlTemplate":"https:\/\/st-wp.forumpay.com\/?s={search_term_string}"},"query-input":{"@type":"PropertyValueSpecification","valueRequired":true,"valueName":"search_term_string"}}],"inLanguage":"es"},{"@type":"Organization","@id":"https:\/\/st-wp.forumpay.com\/#organization","name":"ForumPay","url":"https:\/\/st-wp.forumpay.com\/","logo":{"@type":"ImageObject","inLanguage":"es","@id":"https:\/\/st-wp.forumpay.com\/#\/schema\/logo\/image\/","url":"https:\/\/st-wp.forumpay.com\/wp-content\/uploads\/2021\/10\/Logo-Forumpay-new-v2.svg","contentUrl":"https:\/\/st-wp.forumpay.com\/wp-content\/uploads\/2021\/10\/Logo-Forumpay-new-v2.svg","width":663,"height":121,"caption":"ForumPay"},"image":{"@id":"https:\/\/st-wp.forumpay.com\/#\/schema\/logo\/image\/"},"sameAs":["https:\/\/www.facebook.com\/profile.php?id=100092005706570","https:\/\/x.com\/ForumPay","https:\/\/www.instagram.com\/ForumPay_Official\/","https:\/\/www.linkedin.com\/company\/forum-pay\/","https:\/\/www.youtube.com\/channel\/UClMMP15cXejdkGrWGVkbebg"]}]}},"uagb_featured_image_src":{"full":false,"thumbnail":false,"medium":false,"medium_large":false,"large":false,"1536x1536":false,"2048x2048":false,"tp-image-grid":false},"uagb_author_info":{"display_name":"stefania","author_link":"https:\/\/st-wp.forumpay.com\/es\/blog\/author\/stefania\/"},"uagb_comment_info":0,"uagb_excerpt":"CONT\u00c1CTENOS","_links":{"self":[{"href":"https:\/\/st-wp.forumpay.com\/es\/wp-json\/wp\/v2\/pages\/10141","targetHints":{"allow":["GET"]}}],"collection":[{"href":"https:\/\/st-wp.forumpay.com\/es\/wp-json\/wp\/v2\/pages"}],"about":[{"href":"https:\/\/st-wp.forumpay.com\/es\/wp-json\/wp\/v2\/types\/page"}],"author":[{"embeddable":true,"href":"https:\/\/st-wp.forumpay.com\/es\/wp-json\/wp\/v2\/users\/5"}],"replies":[{"embeddable":true,"href":"https:\/\/st-wp.forumpay.com\/es\/wp-json\/wp\/v2\/comments?post=10141"}],"version-history":[{"count":0,"href":"https:\/\/st-wp.forumpay.com\/es\/wp-json\/wp\/v2\/pages\/10141\/revisions"}],"wp:attachment":[{"href":"https:\/\/st-wp.forumpay.com\/es\/wp-json\/wp\/v2\/media?parent=10141"}],"curies":[{"name":"wp","href":"https:\/\/api.w.org\/{rel}","templated":true}]}}